{"id":274,"date":"2021-07-15T17:21:05","date_gmt":"2021-07-15T17:21:05","guid":{"rendered":"https:\/\/sarab.com.mx\/?page_id=274"},"modified":"2023-05-04T21:17:46","modified_gmt":"2023-05-04T21:17:46","slug":"politicas-de-cancelacion","status":"publish","type":"page","link":"https:\/\/sarab.com.mx\/?page_id=274","title":{"rendered":"Politicas de cancelaci\u00f3n"},"content":{"rendered":"\t\t<div data-elementor-type=\"wp-page\" data-elementor-id=\"274\" class=\"elementor elementor-274\">\n\t\t\t\t\t\t\t\t\t<section class=\"elementor-section elementor-top-section elementor-element elementor-element-8bba1dc elementor-section-boxed elementor-section-height-default elementor-section-height-default\" data-id=\"8bba1dc\" data-element_type=\"section\" data-settings=\"{&quot;background_background&quot;:&quot;classic&quot;}\">\n\t\t\t\t\t\t<div class=\"elementor-container elementor-column-gap-default\">\n\t\t\t\t\t<div class=\"elementor-column elementor-col-100 elementor-top-column elementor-element elementor-element-d1446c1\" data-id=\"d1446c1\" data-element_type=\"column\">\n\t\t\t<div class=\"elementor-widget-wrap elementor-element-populated\">\n\t\t\t\t\t\t\t\t<div class=\"elementor-element elementor-element-15a73f5 elementor-widget elementor-widget-heading\" data-id=\"15a73f5\" data-element_type=\"widget\" data-widget_type=\"heading.default\">\n\t\t\t\t<div class=\"elementor-widget-container\">\n\t\t\t<h2 class=\"elementor-heading-title elementor-size-default\">Politicas De Cancelaci\u00f3n Y\nLa Carta De Liberaci\u00f3n De Responsabilidades<\/h2>\t\t<\/div>\n\t\t\t\t<\/div>\n\t\t\t\t<div class=\"elementor-element elementor-element-881f397 elementor-widget-divider--view-line elementor-widget elementor-widget-divider\" data-id=\"881f397\" data-element_type=\"widget\" data-widget_type=\"divider.default\">\n\t\t\t\t<div class=\"elementor-widget-container\">\n\t\t\t\t\t<div class=\"elementor-divider\">\n\t\t\t<span class=\"elementor-divider-separator\">\n\t\t\t\t\t\t<\/span>\n\t\t<\/div>\n\t\t\t\t<\/div>\n\t\t\t\t<\/div>\n\t\t\t\t<div class=\"elementor-element elementor-element-1465a14 elementor-widget elementor-widget-text-editor\" data-id=\"1465a14\" data-element_type=\"widget\" data-widget_type=\"text-editor.default\">\n\t\t\t\t<div class=\"elementor-widget-container\">\n\t\t\t\t\t\t\t<p style=\"text-align: center;\">He le\u00eddo y acepto <a href=\"https:\/\/sarab.com.mx\/?page_id=244\/\">las pol\u00edticas de cancelaci\u00f3n y la carta de liberaci\u00f3n de<\/a> responsabilidades<\/p>\t\t\t\t\t\t<\/div>\n\t\t\t\t<\/div>\n\t\t\t\t<div class=\"elementor-element elementor-element-35bf923 elementor-align-center elementor-widget elementor-widget-button\" data-id=\"35bf923\" data-element_type=\"widget\" data-widget_type=\"button.default\">\n\t\t\t\t<div class=\"elementor-widget-container\">\n\t\t\t\t\t<div class=\"elementor-button-wrapper\">\n\t\t\t<a href=\"https:\/\/booking.octopus24.com\/?apiKey=e0f82952e257eafd398192ce5766d5f7&#038;lang=ES&#038;from-to=&#038;from=&#038;to=&#038;channel=&#038;adults=0&#038;children=0&#038;infants=0\" class=\"elementor-button-link elementor-button elementor-size-sm\" role=\"button\">\n\t\t\t\t\t\t<span class=\"elementor-button-content-wrapper\">\n\t\t\t\t\t\t<span class=\"elementor-button-text\">Continua con tu reservaci\u00f3n <\/span>\n\t\t<\/span>\n\t\t\t\t\t<\/a>\n\t\t<\/div>\n\t\t\t\t<\/div>\n\t\t\t\t<\/div>\n\t\t\t\t\t<\/div>\n\t\t<\/div>\n\t\t\t\t\t\t\t<\/div>\n\t\t<\/section>\n\t\t\t\t\t\t\t<\/div>\n\t\t","protected":false},"excerpt":{"rendered":"<p>Politicas De Cancelaci\u00f3n Y La Carta De Liberaci\u00f3n De Responsabilidades He le\u00eddo y acepto las pol\u00edticas de cancelaci\u00f3n y la carta de liberaci\u00f3n de responsabilidades Continua con tu reservaci\u00f3n<\/p>\n","protected":false},"author":1,"featured_media":0,"parent":0,"menu_order":0,"comment_status":"closed","ping_status":"closed","template":"elementor_header_footer","meta":{"footnotes":""},"class_list":["post-274","page","type-page","status-publish","hentry"],"yoast_head":"<!-- This site is optimized with the Yoast SEO plugin v20.5 - https:\/\/yoast.com\/wordpress\/plugins\/seo\/ -->\n<title>Politicas de cancelaci\u00f3n - Sarab<\/title>\n<meta name=\"robots\" content=\"index, follow, max-snippet:-1, max-image-preview:large, max-video-preview:-1\" \/>\n<link rel=\"canonical\" href=\"https:\/\/sarab.com.mx\/?page_id=274\" \/>\n<meta property=\"og:locale\" content=\"es_ES\" \/>\n<meta property=\"og:type\" content=\"article\" \/>\n<meta property=\"og:title\" content=\"Politicas de cancelaci\u00f3n - Sarab\" \/>\n<meta property=\"og:description\" content=\"Politicas De Cancelaci\u00f3n Y La Carta De Liberaci\u00f3n De Responsabilidades He le\u00eddo y acepto las pol\u00edticas de cancelaci\u00f3n y la carta de liberaci\u00f3n de responsabilidades Continua con tu reservaci\u00f3n\" \/>\n<meta property=\"og:url\" content=\"https:\/\/sarab.com.mx\/?page_id=274\" \/>\n<meta property=\"og:site_name\" content=\"Sarab\" \/>\n<meta property=\"article:modified_time\" content=\"2023-05-04T21:17:46+00:00\" \/>\n<meta property=\"og:image\" content=\"https:\/\/sarab.com.mx\/wp-content\/uploads\/2023\/04\/share_sarab.jpg\" \/>\n\t<meta property=\"og:image:width\" content=\"1200\" \/>\n\t<meta property=\"og:image:height\" content=\"675\" \/>\n\t<meta property=\"og:image:type\" content=\"image\/jpeg\" \/>\n<meta name=\"twitter:card\" content=\"summary_large_image\" \/>\n<meta name=\"twitter:label1\" content=\"Tiempo de lectura\" \/>\n\t<meta name=\"twitter:data1\" content=\"1 minuto\" \/>\n<script type=\"application\/ld+json\" class=\"yoast-schema-graph\">{\"@context\":\"https:\/\/schema.org\",\"@graph\":[{\"@type\":\"WebPage\",\"@id\":\"https:\/\/sarab.com.mx\/?page_id=274\",\"url\":\"https:\/\/sarab.com.mx\/?page_id=274\",\"name\":\"Politicas de cancelaci\u00f3n - Sarab\",\"isPartOf\":{\"@id\":\"https:\/\/sarab.com.mx\/#website\"},\"datePublished\":\"2021-07-15T17:21:05+00:00\",\"dateModified\":\"2023-05-04T21:17:46+00:00\",\"breadcrumb\":{\"@id\":\"https:\/\/sarab.com.mx\/?page_id=274#breadcrumb\"},\"inLanguage\":\"es\",\"potentialAction\":[{\"@type\":\"ReadAction\",\"target\":[\"https:\/\/sarab.com.mx\/?page_id=274\"]}]},{\"@type\":\"BreadcrumbList\",\"@id\":\"https:\/\/sarab.com.mx\/?page_id=274#breadcrumb\",\"itemListElement\":[{\"@type\":\"ListItem\",\"position\":1,\"name\":\"Portada\",\"item\":\"https:\/\/sarab.com.mx\/\"},{\"@type\":\"ListItem\",\"position\":2,\"name\":\"Politicas de cancelaci\u00f3n\"}]},{\"@type\":\"WebSite\",\"@id\":\"https:\/\/sarab.com.mx\/#website\",\"url\":\"https:\/\/sarab.com.mx\/\",\"name\":\"Sarab\",\"description\":\"\",\"publisher\":{\"@id\":\"https:\/\/sarab.com.mx\/#organization\"},\"potentialAction\":[{\"@type\":\"SearchAction\",\"target\":{\"@type\":\"EntryPoint\",\"urlTemplate\":\"https:\/\/sarab.com.mx\/?s={search_term_string}\"},\"query-input\":\"required name=search_term_string\"}],\"inLanguage\":\"es\"},{\"@type\":\"Organization\",\"@id\":\"https:\/\/sarab.com.mx\/#organization\",\"name\":\"Sarab\",\"url\":\"https:\/\/sarab.com.mx\/\",\"logo\":{\"@type\":\"ImageObject\",\"inLanguage\":\"es\",\"@id\":\"https:\/\/sarab.com.mx\/#\/schema\/logo\/image\/\",\"url\":\"https:\/\/sarab.com.mx\/wp-content\/uploads\/2023\/04\/sarab-logo.png\",\"contentUrl\":\"https:\/\/sarab.com.mx\/wp-content\/uploads\/2023\/04\/sarab-logo.png\",\"width\":2724,\"height\":1152,\"caption\":\"Sarab\"},\"image\":{\"@id\":\"https:\/\/sarab.com.mx\/#\/schema\/logo\/image\/\"}}]}<\/script>\n<!-- \/ Yoast SEO plugin. -->","yoast_head_json":{"title":"Politicas de cancelaci\u00f3n - Sarab","robots":{"index":"index","follow":"follow","max-snippet":"max-snippet:-1","max-image-preview":"max-image-preview:large","max-video-preview":"max-video-preview:-1"},"canonical":"https:\/\/sarab.com.mx\/?page_id=274","og_locale":"es_ES","og_type":"article","og_title":"Politicas de cancelaci\u00f3n - Sarab","og_description":"Politicas De Cancelaci\u00f3n Y La Carta De Liberaci\u00f3n De Responsabilidades He le\u00eddo y acepto las pol\u00edticas de cancelaci\u00f3n y la carta de liberaci\u00f3n de responsabilidades Continua con tu reservaci\u00f3n","og_url":"https:\/\/sarab.com.mx\/?page_id=274","og_site_name":"Sarab","article_modified_time":"2023-05-04T21:17:46+00:00","og_image":[{"width":1200,"height":675,"url":"https:\/\/sarab.com.mx\/wp-content\/uploads\/2023\/04\/share_sarab.jpg","type":"image\/jpeg"}],"twitter_card":"summary_large_image","twitter_misc":{"Tiempo de lectura":"1 minuto"},"schema":{"@context":"https:\/\/schema.org","@graph":[{"@type":"WebPage","@id":"https:\/\/sarab.com.mx\/?page_id=274","url":"https:\/\/sarab.com.mx\/?page_id=274","name":"Politicas de cancelaci\u00f3n - Sarab","isPartOf":{"@id":"https:\/\/sarab.com.mx\/#website"},"datePublished":"2021-07-15T17:21:05+00:00","dateModified":"2023-05-04T21:17:46+00:00","breadcrumb":{"@id":"https:\/\/sarab.com.mx\/?page_id=274#breadcrumb"},"inLanguage":"es","potentialAction":[{"@type":"ReadAction","target":["https:\/\/sarab.com.mx\/?page_id=274"]}]},{"@type":"BreadcrumbList","@id":"https:\/\/sarab.com.mx\/?page_id=274#breadcrumb","itemListElement":[{"@type":"ListItem","position":1,"name":"Portada","item":"https:\/\/sarab.com.mx\/"},{"@type":"ListItem","position":2,"name":"Politicas de cancelaci\u00f3n"}]},{"@type":"WebSite","@id":"https:\/\/sarab.com.mx\/#website","url":"https:\/\/sarab.com.mx\/","name":"Sarab","description":"","publisher":{"@id":"https:\/\/sarab.com.mx\/#organization"},"potentialAction":[{"@type":"SearchAction","target":{"@type":"EntryPoint","urlTemplate":"https:\/\/sarab.com.mx\/?s={search_term_string}"},"query-input":"required name=search_term_string"}],"inLanguage":"es"},{"@type":"Organization","@id":"https:\/\/sarab.com.mx\/#organization","name":"Sarab","url":"https:\/\/sarab.com.mx\/","logo":{"@type":"ImageObject","inLanguage":"es","@id":"https:\/\/sarab.com.mx\/#\/schema\/logo\/image\/","url":"https:\/\/sarab.com.mx\/wp-content\/uploads\/2023\/04\/sarab-logo.png","contentUrl":"https:\/\/sarab.com.mx\/wp-content\/uploads\/2023\/04\/sarab-logo.png","width":2724,"height":1152,"caption":"Sarab"},"image":{"@id":"https:\/\/sarab.com.mx\/#\/schema\/logo\/image\/"}}]}},"_links":{"self":[{"href":"https:\/\/sarab.com.mx\/index.php?rest_route=\/wp\/v2\/pages\/274","targetHints":{"allow":["GET"]}}],"collection":[{"href":"https:\/\/sarab.com.mx\/index.php?rest_route=\/wp\/v2\/pages"}],"about":[{"href":"https:\/\/sarab.com.mx\/index.php?rest_route=\/wp\/v2\/types\/page"}],"author":[{"embeddable":true,"href":"https:\/\/sarab.com.mx\/index.php?rest_route=\/wp\/v2\/users\/1"}],"replies":[{"embeddable":true,"href":"https:\/\/sarab.com.mx\/index.php?rest_route=%2Fwp%2Fv2%2Fcomments&post=274"}],"version-history":[{"count":26,"href":"https:\/\/sarab.com.mx\/index.php?rest_route=\/wp\/v2\/pages\/274\/revisions"}],"predecessor-version":[{"id":1746,"href":"https:\/\/sarab.com.mx\/index.php?rest_route=\/wp\/v2\/pages\/274\/revisions\/1746"}],"wp:attachment":[{"href":"https:\/\/sarab.com.mx\/index.php?rest_route=%2Fwp%2Fv2%2Fmedia&parent=274"}],"curies":[{"name":"wp","href":"https:\/\/api.w.org\/{rel}","templated":true}]}}